{"id":2003,"date":"2022-05-12T17:18:54","date_gmt":"2022-05-12T15:18:54","guid":{"rendered":"https:\/\/www.lys-publishing.com\/shipping__delivery\/"},"modified":"2022-07-03T15:52:11","modified_gmt":"2022-07-03T13:52:11","slug":"shipping__delivery","status":"publish","type":"page","link":"https:\/\/www.lys-publishing.com\/en\/shipping__delivery\/","title":{"rendered":"Shipping &#038; Delivery"},"content":{"rendered":"<p>[et_pb_section fb_built=&#8221;1&#8243; _builder_version=&#8221;4.16&#8243; global_colors_info=&#8221;{}&#8221;][et_pb_row module_class=&#8221;page-title&#8221; _builder_version=&#8221;4.17.3&#8243; _module_preset=&#8221;default&#8221; background_color=&#8221;#f9f9f9&#8243; width=&#8221;100%&#8221; border_width_top=&#8221;1px&#8221; border_color_top=&#8221;#e1e1e1&#8243; border_width_bottom=&#8221;1px&#8221; border_color_bottom=&#8221;#e1e1e1&#8243; saved_tabs=&#8221;all&#8221; global_colors_info=&#8221;{}&#8221;][et_pb_column type=&#8221;4_4&#8243; _builder_version=&#8221;4.17.3&#8243; _module_preset=&#8221;default&#8221; global_colors_info=&#8221;{}&#8221;][et_pb_text _builder_version=&#8221;4.17.4&#8243; _module_preset=&#8221;default&#8221; text_font=&#8221;frescosans-light||||||||&#8221; text_text_color=&#8221;#666666&#8243; text_font_size=&#8221;18px&#8221; text_line_height=&#8221;27px&#8221; quote_font=&#8221;frescosansitalic-lig||||||||&#8221; quote_font_size=&#8221;18px&#8221; quote_line_height=&#8221;27px&#8221; header_font=&#8221;frescosans-light||||||||&#8221; header_font_size=&#8221;40px&#8221; header_2_font=&#8221;frescosans-light||||||||&#8221; header_2_font_size=&#8221;40px&#8221; header_3_font=&#8221;frescosans-normal||||||||&#8221; header_3_text_color=&#8221;#000000&#8243; header_3_font_size=&#8221;26px&#8221; header_4_font=&#8221;frescosans-light||||||||&#8221; header_4_text_color=&#8221;#999999&#8243; header_4_font_size=&#8221;22px&#8221; text_orientation=&#8221;center&#8221; global_colors_info=&#8221;{}&#8221;]<\/p>\n<h3>SHIPPING<\/h3>\n<p>[\/et_pb_text][\/et_pb_column][\/et_pb_row][et_pb_row column_structure=&#8221;1_2,1_2&#8243; _builder_version=&#8221;4.16&#8243; background_size=&#8221;initial&#8221; background_position=&#8221;top_left&#8221; background_repeat=&#8221;repeat&#8221; global_colors_info=&#8221;{}&#8221;][et_pb_column type=&#8221;1_2&#8243; _builder_version=&#8221;4.16&#8243; custom_padding=&#8221;|||&#8221; global_colors_info=&#8221;{}&#8221; custom_padding__hover=&#8221;|||&#8221;][et_pb_text _builder_version=&#8221;4.17.4&#8243; text_font=&#8221;frescosans-light||||||||&#8221; text_text_color=&#8221;#666666&#8243; text_font_size=&#8221;18px&#8221; text_line_height=&#8221;27px&#8221; quote_font=&#8221;frescosansitalic-lig||||||||&#8221; quote_font_size=&#8221;18px&#8221; quote_line_height=&#8221;27px&#8221; header_font=&#8221;frescosans-light||||||||&#8221; header_font_size=&#8221;40px&#8221; header_2_font=&#8221;frescosans-light||||||||&#8221; header_2_font_size=&#8221;40px&#8221; header_3_font=&#8221;frescosans-normal||||||||&#8221; header_3_text_color=&#8221;#000000&#8243; header_3_font_size=&#8221;26px&#8221; header_4_font=&#8221;frescosans-light||||||||&#8221; header_4_text_color=&#8221;#999999&#8243; header_4_font_size=&#8221;22px&#8221; global_colors_info=&#8221;{}&#8221;]<\/p>\n<ul>\n<li>DEUTSCHLAND\/GERMANY\u00a0\u00a0\u00a0\u00a0\u00a0\u00a0\u00a0\u00a0 5,00 \u20ac<\/li>\n<li>EUROPE (EU)\u00a0 + UK\u00a0 \u00a0 \u00a0 \u00a0 \u00a0 \u00a0 \u00a0 \u00a0 \u00a0 \u00a0 \u00a0 \u00a0 \u00a015,00 \u20ac<\/li>\n<li>EUROPE (NON-EU)\u00a0\u00a0\u00a0\u00a0\u00a0\u00a0\u00a0\u00a0 \u00a0\u00a0\u00a0\u00a0\u00a0\u00a0\u00a0\u00a0\u00a0\u00a0\u00a0\u00a0\u00a0\u00a0\u00a0 25,00 \u20ac<\/li>\n<li>REST-OF-THE-WORLD\u00a0\u00a0\u00a0\u00a0\u00a0\u00a0\u00a0\u00a0\u00a0\u00a0\u00a0\u00a0\u00a0\u00a0\u00a0\u00a0\u00a0 35,00 \u20ac<\/li>\n<\/ul>\n<p><span style=\"color: #000000;\">Versand erfolgt \u00fcber DHL<\/span><br \/><em>Shipping via DHL &#8211; German Postal Service<\/em><\/p>\n<p><span style=\"color: #000000;\">Der Versand wird vorerst pauschal berechnet. Wir behalten uns im Einzelfall vor, nach Absprache, nachtr\u00e4glich Anpassungen vorzunehmen.<\/span><br \/><em>Shipping is calculated as a flat. In individual cases we may adapt prices after consultation.<\/em><\/p>\n<p><span style=\"color: #000000;\">Versand erfolgt \u00fcblichweise innerhalb von 7-14 Tagen.<\/span><br \/><em>Shipping takes usually around 7-30 days, depending on the final destination.<\/em><\/p>\n<p><em><\/em><\/p>\n<p><strong>Taxes and customs<\/p>\n<p><\/strong><span style=\"color: #000000;\">Bei der Bestellung von B\u00fcchern, die zur Auslieferung bestimmt sind, k\u00f6nnen Einfuhrz\u00f6lle und Steuern anfallen, die erhoben werden, sobald die Ware den Bestimmungsort erreicht. Solche zus\u00e4tzlichen Geb\u00fchren f\u00fcr die Zollabfertigung m\u00fcssen von Ihnen getragen werden. Wir haben keine Kontrolle \u00fcber Einfuhrz\u00f6lle und Steuern und k\u00f6nnen nicht vorhersagen, wie hoch sie sein werden. Die Zollbestimmungen sind von Land zu Land sehr unterschiedlich. Bitte wenden Sie sich f\u00fcr weitere Informationen an Ihr \u00f6rtliches Zollamt.<br \/><\/span><em><br \/><span>When ordering books\u00a0 for delivery you may be subject to import duties and taxes which are levied once the goods reach the destination. Any such additional charges for customs clearance must be covered by you. We have no control over import duties and taxes and cannot predict what they may be. Customs policies vary widely from country to country. Please contact your local customs office for further information.<\/span><\/em><\/p>\n<p>[\/et_pb_text][\/et_pb_column][et_pb_column type=&#8221;1_2&#8243; _builder_version=&#8221;4.16&#8243; custom_padding=&#8221;|||&#8221; global_colors_info=&#8221;{}&#8221; custom_padding__hover=&#8221;|||&#8221;][\/et_pb_column][\/et_pb_row][\/et_pb_section]<\/p>\n","protected":false},"excerpt":{"rendered":"<p>SHIPPING DEUTSCHLAND\/GERMANY\u00a0\u00a0\u00a0\u00a0\u00a0\u00a0\u00a0\u00a0 5,00 \u20ac EUROPE (EU)\u00a0 + UK\u00a0 \u00a0 \u00a0 \u00a0 \u00a0 \u00a0 \u00a0 \u00a0 \u00a0 \u00a0 \u00a0 \u00a0 \u00a015,00 \u20ac EUROPE (NON-EU)\u00a0\u00a0\u00a0\u00a0\u00a0\u00a0\u00a0\u00a0 \u00a0\u00a0\u00a0\u00a0\u00a0\u00a0\u00a0\u00a0\u00a0\u00a0\u00a0\u00a0\u00a0\u00a0\u00a0 25,00 \u20ac REST-OF-THE-WORLD\u00a0\u00a0\u00a0\u00a0\u00a0\u00a0\u00a0\u00a0\u00a0\u00a0\u00a0\u00a0\u00a0\u00a0\u00a0\u00a0\u00a0 35,00 \u20ac Versand [&hellip;]<\/p>\n","protected":false},"author":1,"featured_media":0,"parent":0,"menu_order":0,"comment_status":"closed","ping_status":"closed","template":"","meta":{"_et_pb_use_builder":"on","_et_pb_old_content":"<p><strong>Disclaimer: The following template was created by a lawyer (<a href=\"https:\/\/drschwenke.de\" rel=\"nofollow\">https:\/\/drschwenke.de<\/a>) in accordance with the typical requirements associated with an online shop.\u00a0You should nevertheless only apply the template further to careful scrutiny and adaptation to your specific business model. In order to assist you in doing so, the following template contains additional notes that must be adhered to as well as red passages that require special attention and, where applicable, adaptation. Please delete the notes once you have worked your way through the template. Take legal advice if you are unsure about particular elements. Copyright: You are only permitted to use the template within the respective domain\/website if the latter is covered by your Marketpress license. The passing on of this template to third parties (including customers, e.g. as developers) is prohibited.<\/strong><\/p><p><strong>Please note that shipping costs or at least the ways in which they are calculated (e.g. according to weight) need to be indicated for all countries you ship to.<\/strong><\/p><p><strong>If you only ship to specific countries you must inform your customers as such. You must also ensure that you only select those countries as shipping locations in your WooCommerce settings. You should not use clauses such as \"Shipping costs to other countries only available on request\".<\/strong><\/p><p><strong>Prices, shipping costs and delivery information<\/strong><\/p><p>The prices given on product pages are inclusive of statutory value-added tax (VAT) and other price components.<\/p><p>We only ship to addresses in Germany and Austria.<\/p><p>In addition to the product prices indicated we also charge flat-rate shipping costs for delivery within Germany and Austria [EUR 6.90 per order]. Shipping costs are communicated to you during the basket process and reconfirmed on the order page.<\/p><p>Customers who opt to pay cash on delivery will be charged an additional [EUR 2] fee payable to the local carrier. [No other taxes or fees are incurred.]<\/p><p>No shipping costs are incurred in connection with digital content (e.g. e-books, software, etc.).<\/p><p>[Note to traders: The following passage is essential if you charge flat-rate shipping costs. If you do not the passage can be deleted]<\/p><p>Shipping costs are charged at a flat rate of EUR [VALUE] and are inclusive of statutory value-added tax (VAT). The fact that the amount of VAT included in shipping costs is calculated on the basis of the goods purchased means that it may decrease if the goods purchased are subject to a lower rate of VAT (e.g. books). This, in turn, means that definitive shipping costs can only be calculated during the order process. As it is not permitted for them to increase they will only be adjusted to your benefit (i.e. reduced).<\/p>","_et_gb_content_width":"","footnotes":""},"class_list":["post-2003","page","type-page","status-publish","hentry"],"yoast_head":"<!-- This site is optimized with the Yoast SEO plugin v27.3 - https:\/\/yoast.com\/product\/yoast-seo-wordpress\/ -->\n<title>Shipping &amp; Delivery &#8211; LYS Publishing<\/title>\n<meta name=\"robots\" content=\"noindex, follow\" \/>\n<meta property=\"og:locale\" content=\"en_US\" \/>\n<meta property=\"og:type\" content=\"article\" \/>\n<meta property=\"og:title\" content=\"Shipping &amp; Delivery &#8211; LYS Publishing\" \/>\n<meta property=\"og:description\" content=\"SHIPPING DEUTSCHLAND\/GERMANY\u00a0\u00a0\u00a0\u00a0\u00a0\u00a0\u00a0\u00a0 5,00 \u20ac EUROPE (EU)\u00a0 + UK\u00a0 \u00a0 \u00a0 \u00a0 \u00a0 \u00a0 \u00a0 \u00a0 \u00a0 \u00a0 \u00a0 \u00a0 \u00a015,00 \u20ac EUROPE (NON-EU)\u00a0\u00a0\u00a0\u00a0\u00a0\u00a0\u00a0\u00a0 \u00a0\u00a0\u00a0\u00a0\u00a0\u00a0\u00a0\u00a0\u00a0\u00a0\u00a0\u00a0\u00a0\u00a0\u00a0 25,00 \u20ac REST-OF-THE-WORLD\u00a0\u00a0\u00a0\u00a0\u00a0\u00a0\u00a0\u00a0\u00a0\u00a0\u00a0\u00a0\u00a0\u00a0\u00a0\u00a0\u00a0 35,00 \u20ac Versand [&hellip;]\" \/>\n<meta property=\"og:url\" content=\"https:\/\/www.lys-publishing.com\/en\/shipping__delivery\/\" \/>\n<meta property=\"og:site_name\" content=\"LYS Publishing\" \/>\n<meta property=\"article:publisher\" content=\"https:\/\/www.facebook.com\/lys.publishing\/\" \/>\n<meta property=\"article:modified_time\" content=\"2022-07-03T13:52:11+00:00\" \/>\n<meta name=\"twitter:label1\" content=\"Est. reading time\" \/>\n\t<meta name=\"twitter:data1\" content=\"3 minutes\" \/>\n<script type=\"application\/ld+json\" class=\"yoast-schema-graph\">{\"@context\":\"https:\\\/\\\/schema.org\",\"@graph\":[{\"@type\":\"WebPage\",\"@id\":\"https:\\\/\\\/www.lys-publishing.com\\\/en\\\/shipping__delivery\\\/\",\"url\":\"https:\\\/\\\/www.lys-publishing.com\\\/en\\\/shipping__delivery\\\/\",\"name\":\"Shipping & Delivery &#8211; LYS Publishing\",\"isPartOf\":{\"@id\":\"https:\\\/\\\/www.lys-publishing.com\\\/#website\"},\"datePublished\":\"2022-05-12T15:18:54+00:00\",\"dateModified\":\"2022-07-03T13:52:11+00:00\",\"breadcrumb\":{\"@id\":\"https:\\\/\\\/www.lys-publishing.com\\\/en\\\/shipping__delivery\\\/#breadcrumb\"},\"inLanguage\":\"en-US\",\"potentialAction\":[{\"@type\":\"ReadAction\",\"target\":[\"https:\\\/\\\/www.lys-publishing.com\\\/en\\\/shipping__delivery\\\/\"]}]},{\"@type\":\"BreadcrumbList\",\"@id\":\"https:\\\/\\\/www.lys-publishing.com\\\/en\\\/shipping__delivery\\\/#breadcrumb\",\"itemListElement\":[{\"@type\":\"ListItem\",\"position\":1,\"name\":\"Startseite\",\"item\":\"https:\\\/\\\/www.lys-publishing.com\\\/\"},{\"@type\":\"ListItem\",\"position\":2,\"name\":\"Shipping &#038; Delivery\"}]},{\"@type\":\"WebSite\",\"@id\":\"https:\\\/\\\/www.lys-publishing.com\\\/#website\",\"url\":\"https:\\\/\\\/www.lys-publishing.com\\\/\",\"name\":\"LYS Publishing\",\"description\":\"\",\"publisher\":{\"@id\":\"https:\\\/\\\/www.lys-publishing.com\\\/#organization\"},\"potentialAction\":[{\"@type\":\"SearchAction\",\"target\":{\"@type\":\"EntryPoint\",\"urlTemplate\":\"https:\\\/\\\/www.lys-publishing.com\\\/?s={search_term_string}\"},\"query-input\":{\"@type\":\"PropertyValueSpecification\",\"valueRequired\":true,\"valueName\":\"search_term_string\"}}],\"inLanguage\":\"en-US\"},{\"@type\":\"Organization\",\"@id\":\"https:\\\/\\\/www.lys-publishing.com\\\/#organization\",\"name\":\"LYS Publishing - Sandra Bartocha\",\"url\":\"https:\\\/\\\/www.lys-publishing.com\\\/\",\"logo\":{\"@type\":\"ImageObject\",\"inLanguage\":\"en-US\",\"@id\":\"https:\\\/\\\/www.lys-publishing.com\\\/#\\\/schema\\\/logo\\\/image\\\/\",\"url\":\"https:\\\/\\\/www.lys-publishing.com\\\/wp-content\\\/uploads\\\/2022\\\/07\\\/cropped-Logo_LYS_512px.jpg\",\"contentUrl\":\"https:\\\/\\\/www.lys-publishing.com\\\/wp-content\\\/uploads\\\/2022\\\/07\\\/cropped-Logo_LYS_512px.jpg\",\"width\":512,\"height\":512,\"caption\":\"LYS Publishing - Sandra Bartocha\"},\"image\":{\"@id\":\"https:\\\/\\\/www.lys-publishing.com\\\/#\\\/schema\\\/logo\\\/image\\\/\"},\"sameAs\":[\"https:\\\/\\\/www.facebook.com\\\/lys.publishing\\\/\",\"https:\\\/\\\/www.instagram.com\\\/lyspublishing\\\/\"]}]}<\/script>\n<!-- \/ Yoast SEO plugin. -->","yoast_head_json":{"title":"Shipping & Delivery &#8211; LYS Publishing","robots":{"index":"noindex","follow":"follow"},"og_locale":"en_US","og_type":"article","og_title":"Shipping & Delivery &#8211; LYS Publishing","og_description":"SHIPPING DEUTSCHLAND\/GERMANY\u00a0\u00a0\u00a0\u00a0\u00a0\u00a0\u00a0\u00a0 5,00 \u20ac EUROPE (EU)\u00a0 + UK\u00a0 \u00a0 \u00a0 \u00a0 \u00a0 \u00a0 \u00a0 \u00a0 \u00a0 \u00a0 \u00a0 \u00a0 \u00a015,00 \u20ac EUROPE (NON-EU)\u00a0\u00a0\u00a0\u00a0\u00a0\u00a0\u00a0\u00a0 \u00a0\u00a0\u00a0\u00a0\u00a0\u00a0\u00a0\u00a0\u00a0\u00a0\u00a0\u00a0\u00a0\u00a0\u00a0 25,00 \u20ac REST-OF-THE-WORLD\u00a0\u00a0\u00a0\u00a0\u00a0\u00a0\u00a0\u00a0\u00a0\u00a0\u00a0\u00a0\u00a0\u00a0\u00a0\u00a0\u00a0 35,00 \u20ac Versand [&hellip;]","og_url":"https:\/\/www.lys-publishing.com\/en\/shipping__delivery\/","og_site_name":"LYS Publishing","article_publisher":"https:\/\/www.facebook.com\/lys.publishing\/","article_modified_time":"2022-07-03T13:52:11+00:00","twitter_misc":{"Est. reading time":"3 minutes"},"schema":{"@context":"https:\/\/schema.org","@graph":[{"@type":"WebPage","@id":"https:\/\/www.lys-publishing.com\/en\/shipping__delivery\/","url":"https:\/\/www.lys-publishing.com\/en\/shipping__delivery\/","name":"Shipping & Delivery &#8211; LYS Publishing","isPartOf":{"@id":"https:\/\/www.lys-publishing.com\/#website"},"datePublished":"2022-05-12T15:18:54+00:00","dateModified":"2022-07-03T13:52:11+00:00","breadcrumb":{"@id":"https:\/\/www.lys-publishing.com\/en\/shipping__delivery\/#breadcrumb"},"inLanguage":"en-US","potentialAction":[{"@type":"ReadAction","target":["https:\/\/www.lys-publishing.com\/en\/shipping__delivery\/"]}]},{"@type":"BreadcrumbList","@id":"https:\/\/www.lys-publishing.com\/en\/shipping__delivery\/#breadcrumb","itemListElement":[{"@type":"ListItem","position":1,"name":"Startseite","item":"https:\/\/www.lys-publishing.com\/"},{"@type":"ListItem","position":2,"name":"Shipping &#038; Delivery"}]},{"@type":"WebSite","@id":"https:\/\/www.lys-publishing.com\/#website","url":"https:\/\/www.lys-publishing.com\/","name":"LYS Publishing","description":"","publisher":{"@id":"https:\/\/www.lys-publishing.com\/#organization"},"potentialAction":[{"@type":"SearchAction","target":{"@type":"EntryPoint","urlTemplate":"https:\/\/www.lys-publishing.com\/?s={search_term_string}"},"query-input":{"@type":"PropertyValueSpecification","valueRequired":true,"valueName":"search_term_string"}}],"inLanguage":"en-US"},{"@type":"Organization","@id":"https:\/\/www.lys-publishing.com\/#organization","name":"LYS Publishing - Sandra Bartocha","url":"https:\/\/www.lys-publishing.com\/","logo":{"@type":"ImageObject","inLanguage":"en-US","@id":"https:\/\/www.lys-publishing.com\/#\/schema\/logo\/image\/","url":"https:\/\/www.lys-publishing.com\/wp-content\/uploads\/2022\/07\/cropped-Logo_LYS_512px.jpg","contentUrl":"https:\/\/www.lys-publishing.com\/wp-content\/uploads\/2022\/07\/cropped-Logo_LYS_512px.jpg","width":512,"height":512,"caption":"LYS Publishing - Sandra Bartocha"},"image":{"@id":"https:\/\/www.lys-publishing.com\/#\/schema\/logo\/image\/"},"sameAs":["https:\/\/www.facebook.com\/lys.publishing\/","https:\/\/www.instagram.com\/lyspublishing\/"]}]}},"_links":{"self":[{"href":"https:\/\/www.lys-publishing.com\/en\/wp-json\/wp\/v2\/pages\/2003","targetHints":{"allow":["GET"]}}],"collection":[{"href":"https:\/\/www.lys-publishing.com\/en\/wp-json\/wp\/v2\/pages"}],"about":[{"href":"https:\/\/www.lys-publishing.com\/en\/wp-json\/wp\/v2\/types\/page"}],"author":[{"embeddable":true,"href":"https:\/\/www.lys-publishing.com\/en\/wp-json\/wp\/v2\/users\/1"}],"replies":[{"embeddable":true,"href":"https:\/\/www.lys-publishing.com\/en\/wp-json\/wp\/v2\/comments?post=2003"}],"version-history":[{"count":6,"href":"https:\/\/www.lys-publishing.com\/en\/wp-json\/wp\/v2\/pages\/2003\/revisions"}],"predecessor-version":[{"id":4388,"href":"https:\/\/www.lys-publishing.com\/en\/wp-json\/wp\/v2\/pages\/2003\/revisions\/4388"}],"wp:attachment":[{"href":"https:\/\/www.lys-publishing.com\/en\/wp-json\/wp\/v2\/media?parent=2003"}],"curies":[{"name":"wp","href":"https:\/\/api.w.org\/{rel}","templated":true}]}}