{"id":2557,"date":"2022-05-20T13:12:03","date_gmt":"2022-05-20T11:12:03","guid":{"rendered":"https:\/\/www.lys-publishing.com\/agb\/"},"modified":"2022-07-03T15:52:13","modified_gmt":"2022-07-03T13:52:13","slug":"terms-conditions","status":"publish","type":"page","link":"https:\/\/www.lys-publishing.com\/en\/terms-conditions\/","title":{"rendered":"Terms &#038; Conditions"},"content":{"rendered":"<p>[et_pb_section fb_built=&#8221;1&#8243; _builder_version=&#8221;4.17.3&#8243; _module_preset=&#8221;default&#8221; global_colors_info=&#8221;{}&#8221;][et_pb_row module_class=&#8221;page-title&#8221; _builder_version=&#8221;4.17.3&#8243; _module_preset=&#8221;default&#8221; background_color=&#8221;#f9f9f9&#8243; width=&#8221;100%&#8221; border_width_top=&#8221;1px&#8221; border_color_top=&#8221;#e1e1e1&#8243; border_width_bottom=&#8221;1px&#8221; border_color_bottom=&#8221;#e1e1e1&#8243; saved_tabs=&#8221;all&#8221; global_colors_info=&#8221;{}&#8221;][et_pb_column type=&#8221;4_4&#8243; _builder_version=&#8221;4.17.3&#8243; _module_preset=&#8221;default&#8221; global_colors_info=&#8221;{}&#8221;][et_pb_text _builder_version=&#8221;4.17.3&#8243; _module_preset=&#8221;default&#8221; text_font=&#8221;frescosans-light||||||||&#8221; text_text_color=&#8221;#666666&#8243; text_font_size=&#8221;18px&#8221; text_line_height=&#8221;27px&#8221; quote_font=&#8221;frescosansitalic-lig||||||||&#8221; quote_font_size=&#8221;18px&#8221; quote_line_height=&#8221;27px&#8221; header_font=&#8221;frescosans-light||||||||&#8221; header_font_size=&#8221;40px&#8221; header_2_font=&#8221;frescosans-light||||||||&#8221; header_2_font_size=&#8221;40px&#8221; header_3_font=&#8221;frescosans-normal||||||||&#8221; header_3_text_color=&#8221;#000000&#8243; header_3_font_size=&#8221;26px&#8221; header_4_font=&#8221;frescosans-light||||||||&#8221; header_4_text_color=&#8221;#999999&#8243; header_4_font_size=&#8221;22px&#8221; text_orientation=&#8221;center&#8221; global_colors_info=&#8221;{}&#8221;]<\/p>\n<h3>Terms &amp; Conditions<\/h3>\n<p>[\/et_pb_text][\/et_pb_column][\/et_pb_row][et_pb_row column_structure=&#8221;1_2,1_2&#8243; _builder_version=&#8221;4.17.3&#8243; _module_preset=&#8221;default&#8221; global_colors_info=&#8221;{}&#8221;][et_pb_column type=&#8221;1_2&#8243; _builder_version=&#8221;4.17.3&#8243; _module_preset=&#8221;default&#8221; global_colors_info=&#8221;{}&#8221;][et_pb_text _builder_version=&#8221;4.17.3&#8243; _module_preset=&#8221;default&#8221; text_font=&#8221;frescosans-light||||||||&#8221; text_text_color=&#8221;#666666&#8243; text_font_size=&#8221;18px&#8221; text_line_height=&#8221;27px&#8221; quote_font=&#8221;frescosansitalic-lig||||||||&#8221; quote_font_size=&#8221;18px&#8221; quote_line_height=&#8221;27px&#8221; header_font=&#8221;frescosans-light||||||||&#8221; header_font_size=&#8221;40px&#8221; header_2_font=&#8221;frescosans-light||||||||&#8221; header_2_font_size=&#8221;40px&#8221; header_3_font=&#8221;frescosans-normal||||||||&#8221; header_3_text_color=&#8221;#000000&#8243; header_3_font_size=&#8221;26px&#8221; header_4_font=&#8221;frescosans-light||||||||&#8221; header_4_text_color=&#8221;#999999&#8243; header_4_font_size=&#8221;22px&#8221; global_colors_info=&#8221;{}&#8221;]<\/p>\n<p>Vertragsbedingungen im Rahmen von Kaufvertr\u00e4gen die \u00fcber die Plattform https:\/\/www.lys-publishing.com<\/p>\n<p>zwischen<\/p>\n<p>Sandra Bartocha<br \/>Dorfstrasse 25<br \/>17039 Wulkenzin OT Neuendorf<br \/>Deutschland<\/p>\n<p>Mobil: +49 (0) 162 . 8053350<br \/>E-Mail: <a href=\"&#x6d;&#97;&#x69;&#x6c;&#116;&#x6f;&#x3a;&#105;&#x6e;&#x66;&#111;&#x40;&#x6c;y&#x73;&#x2d;p&#x75;&#98;l&#x69;&#115;h&#x69;&#110;g&#x2e;&#99;o&#x6d;\">info&#64;lys-publishing&#46;com<\/a><\/p>\n<p>\u2013 im Folgenden \u201eAnbieter\u201c \u2013<\/p>\n<p>und<\/p>\n<p>den in \u00a7 2 dieser AGB bezeichneten Nutzern dieser Plattform \u2013 im Folgenden \u201eKunde\/Kunden\u201c \u2013 geschlossen werden.<\/p>\n<p><strong>\u00a7 1 Geltungsbereich<\/strong><\/p>\n<p>F\u00fcr die Gesch\u00e4ftsbeziehung zwischen dem Anbieter und dem Kunden gelten ausschlie\u00dflich die nachfolgenden Allgemeinen Gesch\u00e4ftsbedingungen in ihrer zum Zeitpunkt der Bestellung g\u00fcltigen Fassung.<\/p>\n<p>Abweichende Bedingungen des Kunden werden nicht anerkannt, es sei denn, der Anbieter stimmt ihrer Geltung ausdr\u00fccklich schriftlich zu.<\/p>\n<p><strong>\u00a7 2 Vertragsschluss<\/strong><\/p>\n<p>(1) Der Kunde kann aus dem Sortiment des Anbieters Produkte ausw\u00e4hlen und diese \u00fcber den Button \u201ein den Warenkorb\u201c in einem so genannten Warenkorb sammeln. \u00dcber den Button \u201eJetzt kaufen\u201c gibt er einen verbindlichen Antrag zum Kauf der im Warenkorb befindlichen Waren ab. Vor Abschicken der Bestellung kann der Kunde die Daten jederzeit \u00e4ndern und einsehen.<\/p>\n<p>(2) Der Anbieter schickt daraufhin dem Kunden eine automatische Empfangsbest\u00e4tigung mit dem Betreff \u201eBest\u00e4tigung deiner Bestellung bei Lys Publishing\u201c per E-Mail zu, in welcher die Bestellung des Kunden nochmals aufgef\u00fchrt wird und die der Kunde \u00fcber die Funktion \u201eDrucken\u201c ausdrucken kann. Die Bestellung des Kunden (1) stellt hierbei das Angebot zum Vertragsschluss mit dem jeweiligen Inhalt des Warenkorbs dar. Die Empfangsbest\u00e4tigung (Bestellbest\u00e4tigung) stellt die Annahme des Angebots durch den Anbieter dar. In dieser wird der Inhalt der Bestellung zusammengefasst. In dieser E-Mail oder in einer separaten E-Mail, jedoch sp\u00e4testens bei Lieferung der Ware, wird der Vertragstext (bestehend aus Bestellung, AGB und Auftragsbest\u00e4tigung) dem Kunden von uns auf einem dauerhaften Datentr\u00e4ger (E-Mail oder Papierausdruck) zugesandt. Der Vertragstext wird unter Wahrung des Datenschutzes gespeichert.<\/p>\n<p>(3) Der Vertragsschluss erfolgt in den Sprachen: Deutsch.<\/p>\n<p><strong>\u00a7 3 Lieferung, Warenverf\u00fcgbarkeit, Zahlungsmodalit\u00e4ten<\/strong><\/p>\n<p>(1) Von uns angegebene Lieferzeiten berechnen sich vom Zeitpunkt unserer Auftragsbest\u00e4tigung (\u00a7 2 (2) dieser AGB), vorherige Zahlung des Kaufpreises vorausgesetzt.<\/p>\n<p>(2) Ist das vom Kunden in der Bestellung bezeichnete Produkt nur vor\u00fcbergehend nicht verf\u00fcgbar, teilt der Anbieter dem Kunden dies ebenfalls unverz\u00fcglich mit. Bei einer Lieferungsverz\u00f6gerung von mehr als zwei Wochen hat der Kunde das Recht, vom Vertrag zur\u00fcckzutreten. Im \u00dcbrigen ist in diesem Fall auch der Anbieter berechtigt, sich vom Vertrag zu l\u00f6sen. Hierbei wird er eventuell bereits geleistete Zahlungen des Kunden unverz\u00fcglich erstatten.<\/p>\n<p>(3) Der Kunde kann die Zahlung per \u00dcberweisung, PayPal vornehmen.<\/p>\n<p>(4) Die Zahlung des Kaufpreises ist unmittelbar mit Vertragsschluss f\u00e4llig. Ist die F\u00e4lligkeit der Zahlung nach dem Kalender bestimmt, so kommt der Kunde bereits durch Vers\u00e4umung des Termins in Verzug.<\/p>\n<p><strong>\u00a7 4 Eigentumsvorbehalt<\/strong><\/p>\n<p>Bis zur vollst\u00e4ndigen Bezahlung des Kaufpreises verbleiben die gelieferten Waren im Eigentum des Anbieters.<\/p>\n<p>[\/et_pb_text][\/et_pb_column][et_pb_column type=&#8221;1_2&#8243; _builder_version=&#8221;4.17.3&#8243; _module_preset=&#8221;default&#8221; global_colors_info=&#8221;{}&#8221;][et_pb_text _builder_version=&#8221;4.17.3&#8243; _module_preset=&#8221;default&#8221; text_font=&#8221;frescosans-light||||||||&#8221; text_text_color=&#8221;#666666&#8243; text_font_size=&#8221;18px&#8221; text_line_height=&#8221;27px&#8221; quote_font=&#8221;frescosansitalic-lig||||||||&#8221; quote_font_size=&#8221;18px&#8221; quote_line_height=&#8221;27px&#8221; header_font=&#8221;frescosans-light||||||||&#8221; header_font_size=&#8221;40px&#8221; header_2_font=&#8221;frescosans-light||||||||&#8221; header_2_font_size=&#8221;40px&#8221; header_3_font=&#8221;frescosans-normal||||||||&#8221; header_3_text_color=&#8221;#000000&#8243; header_3_font_size=&#8221;26px&#8221; header_4_font=&#8221;frescosans-light||||||||&#8221; header_4_text_color=&#8221;#999999&#8243; header_4_font_size=&#8221;22px&#8221; global_colors_info=&#8221;{}&#8221;]<\/p>\n<p><strong>\u00a7 5 Preise und Versandkosten<\/strong><\/p>\n<p>(1) Alle Preise, die auf der Website des Anbieters angegeben sind, verstehen sich einschlie\u00dflich der jeweils g\u00fcltigen gesetzlichen Umsatzsteuer.<\/p>\n<p>(2) Die entsprechenden Versandkosten werden dem Kunden im Bestellformular angegeben und sind vom Kunden zu tragen, soweit der Kunde nicht von einem etwaigen Widerrufsrecht Gebrauch macht.<\/p>\n<p>(3) Der Kunde hat im Falle eines Widerrufs die unmittelbaren Kosten der R\u00fccksendung zu tragen.<\/p>\n<p><strong>\u00a7 6 Haftung<\/strong><\/p>\n<p>(1) Anspr\u00fcche des Kunden auf Schadensersatz sind ausgeschlossen. Hiervon ausgenommen sind Schadensersatzanspr\u00fcche des Kunden aus der Verletzung des Lebens, des K\u00f6rpers, der Gesundheit oder aus der Verletzung wesentlicher Vertragspflichten (Kardinalpflichten) sowie die Haftung f\u00fcr sonstige Sch\u00e4den, die auf einer vors\u00e4tzlichen oder grob fahrl\u00e4ssigen Pflichtverletzung des Anbieters, seiner gesetzlichen Vertreter oder Erf\u00fcllungsgehilfen beruhen. Wesentliche Vertragspflichten sind solche, deren Erf\u00fcllung zur Erreichung des Ziels des Vertrags notwendig ist.<\/p>\n<p>(2) Bei der Verletzung wesentlicher Vertragspflichten haftet der Anbieter nur auf den vertragstypischen, vorhersehbaren Schaden, wenn dieser einfach fahrl\u00e4ssig verursacht wurde, es sei denn, es handelt sich um Schadensersatzanspr\u00fcche des Kunden aus einer Verletzung des Lebens, des K\u00f6rpers oder der Gesundheit.<\/p>\n<p>(3) Die Einschr\u00e4nkungen der Abs. 1 und 2 gelten auch zugunsten der gesetzlichen Vertreter und Erf\u00fcllungsgehilfen des Anbieters, wenn Anspr\u00fcche direkt gegen diese geltend gemacht werden.<\/p>\n<p>(4) Die Vorschriften des Produkthaftungsgesetzes bleiben unber\u00fchrt.<\/p>\n<p><strong>\u00a7 7 Hinweise zur Datenverarbeitung<\/strong><\/p>\n<p>(1) Der Anbieter erhebt im Rahmen der Abwicklung von Vertr\u00e4gen Daten des Kunden. Er beachtet dabei insbesondere die Vorschriften des Bundesdatenschutzgesetzes und des Telemediengesetzes. Ohne Einwilligung des Kunden wird der Anbieter Bestands- und Nutzungsdaten des Kunden nur erheben, verarbeiten oder nutzen, soweit dies f\u00fcr die Abwicklung des Vertragsverh\u00e4ltnisses und f\u00fcr die Inanspruchnahme und Abrechnung von Telemedien erforderlich ist.<\/p>\n<p>(2) Ohne die Einwilligung des Kunden wird der Anbieter Daten des Kunden nicht f\u00fcr Zwecke der Werbung, Markt- oder Meinungsforschung nutzen.<\/p>\n<p><strong>\u00a7 8 Schlussbestimmungen<\/strong><\/p>\n<p>(1) Auf Vertr\u00e4ge zwischen dem Anbieter und den Kunden findet das Recht der Bundesrepublik Deutschland unter Ausschluss des UN-Kaufrechts sowie des internationalen Privatrechts Anwendung.<\/p>\n<p>(2) Sofern es sich beim Kunden um einen Kaufmann, eine juristische Person des \u00f6ffentlichen Rechts oder um ein \u00f6ffentlich-rechtliches Sonderverm\u00f6gen handelt, ist Gerichtsstand f\u00fcr alle Streitigkeiten aus Vertragsverh\u00e4ltnissen zwischen dem Kunden und dem Anbieter der Sitz des Anbieters.<\/p>\n<p>(3) Der Vertrag bleibt auch bei rechtlicher Unwirksamkeit einzelner Punkte in seinen \u00fcbrigen Teilen verbindlich. Anstelle der unwirksamen Punkte treten, soweit vorhanden, die gesetzlichen Vorschriften. Soweit dies f\u00fcr eine Vertragspartei eine unzumutbare H\u00e4rte darstellen w\u00fcrde, wird der Vertrag jedoch im Ganzen unwirksam.<\/p>\n<p>[\/et_pb_text][\/et_pb_column][\/et_pb_row][\/et_pb_section]<\/p>\n","protected":false},"excerpt":{"rendered":"<p>Terms &amp; ConditionsVertragsbedingungen im Rahmen von Kaufvertr\u00e4gen die \u00fcber die Plattform https:\/\/www.lys-publishing.com zwischen Sandra BartochaDorfstrasse 2517039 Wulkenzin OT NeuendorfDeutschland Mobil: +49 (0) 162 . 8053350E-Mail: &#105;&#x6e;f&#111;&#x40;l&#121;&#x73;-&#x70;&#x75;&#98;&#x6c;i&#115;&#x68;i&#110;&#x67;&#46;&#x63;&#x6f;&#109; \u2013 im Folgenden \u201eAnbieter\u201c [&hellip;]<\/p>\n","protected":false},"author":1,"featured_media":0,"parent":0,"menu_order":0,"comment_status":"closed","ping_status":"closed","template":"","meta":{"_et_pb_use_builder":"on","_et_pb_old_content":"","_et_gb_content_width":"","footnotes":""},"class_list":["post-2557","page","type-page","status-publish","hentry"],"yoast_head":"<!-- This site is optimized with the Yoast SEO plugin v27.3 - https:\/\/yoast.com\/product\/yoast-seo-wordpress\/ -->\n<title>Terms &amp; Conditions &#8211; LYS Publishing<\/title>\n<meta name=\"robots\" content=\"noindex, follow\" \/>\n<meta property=\"og:locale\" content=\"en_US\" \/>\n<meta property=\"og:type\" content=\"article\" \/>\n<meta property=\"og:title\" content=\"Terms &amp; Conditions &#8211; LYS Publishing\" \/>\n<meta property=\"og:description\" content=\"Terms &amp; ConditionsVertragsbedingungen im Rahmen von Kaufvertr\u00e4gen die \u00fcber die Plattform https:\/\/www.lys-publishing.com zwischen Sandra BartochaDorfstrasse 2517039 Wulkenzin OT NeuendorfDeutschland Mobil: +49 (0) 162 . 8053350E-Mail: info@lys-publishing.com \u2013 im Folgenden \u201eAnbieter\u201c [&hellip;]\" \/>\n<meta property=\"og:url\" content=\"https:\/\/www.lys-publishing.com\/en\/terms-conditions\/\" \/>\n<meta property=\"og:site_name\" content=\"LYS Publishing\" \/>\n<meta property=\"article:publisher\" content=\"https:\/\/www.facebook.com\/lys.publishing\/\" \/>\n<meta property=\"article:modified_time\" content=\"2022-07-03T13:52:13+00:00\" \/>\n<meta name=\"twitter:label1\" content=\"Est. reading time\" \/>\n\t<meta name=\"twitter:data1\" content=\"6 minutes\" \/>\n<script type=\"application\/ld+json\" class=\"yoast-schema-graph\">{\"@context\":\"https:\\\/\\\/schema.org\",\"@graph\":[{\"@type\":\"WebPage\",\"@id\":\"https:\\\/\\\/www.lys-publishing.com\\\/en\\\/terms-conditions\\\/\",\"url\":\"https:\\\/\\\/www.lys-publishing.com\\\/en\\\/terms-conditions\\\/\",\"name\":\"Terms & Conditions &#8211; LYS Publishing\",\"isPartOf\":{\"@id\":\"https:\\\/\\\/www.lys-publishing.com\\\/#website\"},\"datePublished\":\"2022-05-20T11:12:03+00:00\",\"dateModified\":\"2022-07-03T13:52:13+00:00\",\"breadcrumb\":{\"@id\":\"https:\\\/\\\/www.lys-publishing.com\\\/en\\\/terms-conditions\\\/#breadcrumb\"},\"inLanguage\":\"en-US\",\"potentialAction\":[{\"@type\":\"ReadAction\",\"target\":[\"https:\\\/\\\/www.lys-publishing.com\\\/en\\\/terms-conditions\\\/\"]}]},{\"@type\":\"BreadcrumbList\",\"@id\":\"https:\\\/\\\/www.lys-publishing.com\\\/en\\\/terms-conditions\\\/#breadcrumb\",\"itemListElement\":[{\"@type\":\"ListItem\",\"position\":1,\"name\":\"Startseite\",\"item\":\"https:\\\/\\\/www.lys-publishing.com\\\/\"},{\"@type\":\"ListItem\",\"position\":2,\"name\":\"Terms &#038; Conditions\"}]},{\"@type\":\"WebSite\",\"@id\":\"https:\\\/\\\/www.lys-publishing.com\\\/#website\",\"url\":\"https:\\\/\\\/www.lys-publishing.com\\\/\",\"name\":\"LYS Publishing\",\"description\":\"\",\"publisher\":{\"@id\":\"https:\\\/\\\/www.lys-publishing.com\\\/#organization\"},\"potentialAction\":[{\"@type\":\"SearchAction\",\"target\":{\"@type\":\"EntryPoint\",\"urlTemplate\":\"https:\\\/\\\/www.lys-publishing.com\\\/?s={search_term_string}\"},\"query-input\":{\"@type\":\"PropertyValueSpecification\",\"valueRequired\":true,\"valueName\":\"search_term_string\"}}],\"inLanguage\":\"en-US\"},{\"@type\":\"Organization\",\"@id\":\"https:\\\/\\\/www.lys-publishing.com\\\/#organization\",\"name\":\"LYS Publishing - Sandra Bartocha\",\"url\":\"https:\\\/\\\/www.lys-publishing.com\\\/\",\"logo\":{\"@type\":\"ImageObject\",\"inLanguage\":\"en-US\",\"@id\":\"https:\\\/\\\/www.lys-publishing.com\\\/#\\\/schema\\\/logo\\\/image\\\/\",\"url\":\"https:\\\/\\\/www.lys-publishing.com\\\/wp-content\\\/uploads\\\/2022\\\/07\\\/cropped-Logo_LYS_512px.jpg\",\"contentUrl\":\"https:\\\/\\\/www.lys-publishing.com\\\/wp-content\\\/uploads\\\/2022\\\/07\\\/cropped-Logo_LYS_512px.jpg\",\"width\":512,\"height\":512,\"caption\":\"LYS Publishing - Sandra Bartocha\"},\"image\":{\"@id\":\"https:\\\/\\\/www.lys-publishing.com\\\/#\\\/schema\\\/logo\\\/image\\\/\"},\"sameAs\":[\"https:\\\/\\\/www.facebook.com\\\/lys.publishing\\\/\",\"https:\\\/\\\/www.instagram.com\\\/lyspublishing\\\/\"]}]}<\/script>\n<!-- \/ Yoast SEO plugin. -->","yoast_head_json":{"title":"Terms & Conditions &#8211; LYS Publishing","robots":{"index":"noindex","follow":"follow"},"og_locale":"en_US","og_type":"article","og_title":"Terms & Conditions &#8211; LYS Publishing","og_description":"Terms &amp; ConditionsVertragsbedingungen im Rahmen von Kaufvertr\u00e4gen die \u00fcber die Plattform https:\/\/www.lys-publishing.com zwischen Sandra BartochaDorfstrasse 2517039 Wulkenzin OT NeuendorfDeutschland Mobil: +49 (0) 162 . 8053350E-Mail: info@lys-publishing.com \u2013 im Folgenden \u201eAnbieter\u201c [&hellip;]","og_url":"https:\/\/www.lys-publishing.com\/en\/terms-conditions\/","og_site_name":"LYS Publishing","article_publisher":"https:\/\/www.facebook.com\/lys.publishing\/","article_modified_time":"2022-07-03T13:52:13+00:00","twitter_misc":{"Est. reading time":"6 minutes"},"schema":{"@context":"https:\/\/schema.org","@graph":[{"@type":"WebPage","@id":"https:\/\/www.lys-publishing.com\/en\/terms-conditions\/","url":"https:\/\/www.lys-publishing.com\/en\/terms-conditions\/","name":"Terms & Conditions &#8211; LYS Publishing","isPartOf":{"@id":"https:\/\/www.lys-publishing.com\/#website"},"datePublished":"2022-05-20T11:12:03+00:00","dateModified":"2022-07-03T13:52:13+00:00","breadcrumb":{"@id":"https:\/\/www.lys-publishing.com\/en\/terms-conditions\/#breadcrumb"},"inLanguage":"en-US","potentialAction":[{"@type":"ReadAction","target":["https:\/\/www.lys-publishing.com\/en\/terms-conditions\/"]}]},{"@type":"BreadcrumbList","@id":"https:\/\/www.lys-publishing.com\/en\/terms-conditions\/#breadcrumb","itemListElement":[{"@type":"ListItem","position":1,"name":"Startseite","item":"https:\/\/www.lys-publishing.com\/"},{"@type":"ListItem","position":2,"name":"Terms &#038; Conditions"}]},{"@type":"WebSite","@id":"https:\/\/www.lys-publishing.com\/#website","url":"https:\/\/www.lys-publishing.com\/","name":"LYS Publishing","description":"","publisher":{"@id":"https:\/\/www.lys-publishing.com\/#organization"},"potentialAction":[{"@type":"SearchAction","target":{"@type":"EntryPoint","urlTemplate":"https:\/\/www.lys-publishing.com\/?s={search_term_string}"},"query-input":{"@type":"PropertyValueSpecification","valueRequired":true,"valueName":"search_term_string"}}],"inLanguage":"en-US"},{"@type":"Organization","@id":"https:\/\/www.lys-publishing.com\/#organization","name":"LYS Publishing - Sandra Bartocha","url":"https:\/\/www.lys-publishing.com\/","logo":{"@type":"ImageObject","inLanguage":"en-US","@id":"https:\/\/www.lys-publishing.com\/#\/schema\/logo\/image\/","url":"https:\/\/www.lys-publishing.com\/wp-content\/uploads\/2022\/07\/cropped-Logo_LYS_512px.jpg","contentUrl":"https:\/\/www.lys-publishing.com\/wp-content\/uploads\/2022\/07\/cropped-Logo_LYS_512px.jpg","width":512,"height":512,"caption":"LYS Publishing - Sandra Bartocha"},"image":{"@id":"https:\/\/www.lys-publishing.com\/#\/schema\/logo\/image\/"},"sameAs":["https:\/\/www.facebook.com\/lys.publishing\/","https:\/\/www.instagram.com\/lyspublishing\/"]}]}},"_links":{"self":[{"href":"https:\/\/www.lys-publishing.com\/en\/wp-json\/wp\/v2\/pages\/2557","targetHints":{"allow":["GET"]}}],"collection":[{"href":"https:\/\/www.lys-publishing.com\/en\/wp-json\/wp\/v2\/pages"}],"about":[{"href":"https:\/\/www.lys-publishing.com\/en\/wp-json\/wp\/v2\/types\/page"}],"author":[{"embeddable":true,"href":"https:\/\/www.lys-publishing.com\/en\/wp-json\/wp\/v2\/users\/1"}],"replies":[{"embeddable":true,"href":"https:\/\/www.lys-publishing.com\/en\/wp-json\/wp\/v2\/comments?post=2557"}],"version-history":[{"count":10,"href":"https:\/\/www.lys-publishing.com\/en\/wp-json\/wp\/v2\/pages\/2557\/revisions"}],"predecessor-version":[{"id":4389,"href":"https:\/\/www.lys-publishing.com\/en\/wp-json\/wp\/v2\/pages\/2557\/revisions\/4389"}],"wp:attachment":[{"href":"https:\/\/www.lys-publishing.com\/en\/wp-json\/wp\/v2\/media?parent=2557"}],"curies":[{"name":"wp","href":"https:\/\/api.w.org\/{rel}","templated":true}]}}